{"id":2769,"date":"2025-06-17T16:19:06","date_gmt":"2025-06-17T14:19:06","guid":{"rendered":"http:\/\/gnamc.cultura.gov.it\/carta-dei-servizi\/"},"modified":"2025-06-20T18:27:27","modified_gmt":"2025-06-20T16:27:27","slug":"service-card","status":"publish","type":"page","link":"https:\/\/gnamc.cultura.gov.it\/en\/service-card\/","title":{"rendered":"Service Card"},"content":{"rendered":"<h3><strong>Che cos&#8217;\u00e8 la carta dei servizi<\/strong><\/h3>\n<p>La Carta dei servizi risponde all&#8217;esigenza di fissare principi e regole nel rapporto tra le amministrazioni che erogano servizi e i cittadini che ne usufruiscono.<br \/>\nEssa costituisce uno strumento di comunicazione e di informazione che permette agli utenti di conoscere gli standard dei servizi offerti e di verificare che gli impegni assunti siano rispettati, di esprimere le proprie valutazioni anche attraverso forme di reclamo.<br \/>\nL&#8217;adozione della Carta dei servizi negli istituti del Ministero dei beni e delle attivit\u00e0 culturali e del turismo si inserisce in una serie di iniziative volte a promuovere una pi\u00f9 ampia valorizzazione del patrimonio culturale in essi conservato e ad adeguare l&#8217;organizzazione delle attivit\u00e0 alle aspettative degli utenti e alle esigenze della tutela e della ricerca.<br \/>\nLa Carta viene aggiornata ogni due anni, o quando intervengono significative modifiche nella strutturazione dei servizi al fine di consolidare i livelli di qualit\u00e0 raggiunti e registrare i cambiamenti positivi dovuti a progetti di miglioramento o al monitoraggio periodico dell&#8217;opinione degli utenti.<\/p>\n<h4><strong>I principi<\/strong><\/h4>\n<p>Nello svolgimento della propria attivit\u00e0 istituzionale la Galleria Nazionale d&#8217;arte Moderna e Contemporanea adempie ai principi fondamentali enunciati dalla Direttiva del Presidente del Consiglio dei Ministri del 27 gennaio 1994:<\/p>\n<h4><strong>Trasparenza<\/strong><\/h4>\n<p>Le amministrazioni pubbliche devono perseguire la massima trasparenza intesa come accessibilit\u00e0 totale alle informazioni. Il rispetto di tale principio \u00e8 alla base del processo di miglioramento della qualit\u00e0 dei servizi, cos\u00ec come definito dalle delibere CiVIT (n. 88\/2010 e 3\/2012). Le pubbliche amministrazioni devono garantire il costante aggiornamento, la completezza, l&#8217;integrit\u00e0 e la semplicit\u00e0 di consultazione delle informazioni.<\/p>\n<h4><strong>Uguaglianza e imparzialit\u00e0<\/strong><\/h4>\n<p>I servizi resi garantiscono uguali condizioni di trattamento a tutti i cittadini, senza distinzione di nazionalit\u00e0, sesso, lingua, religione o di opinione politica. La Galleria si adopera per rimuovere eventuali inefficienze e promuove iniziative volte a facilitare l&#8217;accesso e la fruizione ai cittadini stranieri, alle persone con disabilit\u00e0 motoria, sensoriale, cognitiva e agli individui svantaggiati dal punto di vista sociale e culturale.<\/p>\n<p>Gli strumenti e le attivit\u00e0 di informazione, comunicazione, documentazione, assistenza scientifica alla ricerca, educazione e didattica sono improntati a criteri di obiettivit\u00e0, giustizia e imparzialit\u00e0.<\/p>\n<h4><strong>Continuit\u00e0<\/strong><\/h4>\n<p>La Galleria Nazionale d&#8217;arte Moderna e Contemporanea garantisce continuit\u00e0 e regolarit\u00e0 nell&#8217;erogazione dei servizi. In caso di difficolt\u00e0 e impedimenti si impegna ad avvisare preventivamente gli utenti e ad adottare tutti i provvedimenti necessari per ridurre al minimo i disagi.<\/p>\n<h4><strong>Partecipazione<\/strong><\/h4>\n<p>La Galleria promuove l&#8217;informazione sulle attivit\u00e0 svolte e, nell&#8217;operare le scelte di gestione, tiene conto delle esigenze e dei suggerimenti formulati dagli utenti, in forma singola o associata.<\/p>\n<h4><strong>Efficienza ed efficacia<\/strong><\/h4>\n<p>Il Direttore e lo staff della Galleria perseguono l&#8217;obiettivo del continuo miglioramento dell&#8217;efficienza e dell&#8217;efficacia del servizio erogato, adottando soluzioni tecnologiche, organizzative e procedurali funzionali allo scopo.<\/p>\n<h3><strong>Caratteristiche essenzial<\/strong>i<\/h3>\n<p>Col D.P.C.M. 29 agosto 2014, n. 171 &#8220;Regolamento di organizzazione del Ministero dei beni e delle attivit\u00e0 culturali e del turismo, degli uffici della diretta collaborazione del Ministro e dell&#8217;Organismo indipendente di valutazione della performance&#8221; entrato in vigore il 10 dicembre 2014, la Galleria Nazionale d&#8217;arte Moderna e Contemporanea \u00e8 un museo dotato di autonomia speciale del Ministero dei Beni e delle Attivit\u00e0 Culturali e del Turismo.<br \/>\nLa Galleria ha sede in Viale delle Belle Arti 131 a Roma nell&#8217;edificio che fu realizzato dall&#8217;architetto Cesare Bazzani nel 1911 per l&#8217;Esposizione internazionale che celebrava i cinquant&#8217;anni dell&#8217;Unit\u00e0 d&#8217;Italia. Un primo ampliamento della struttura, a cura dello stesso progettista, \u00e8 stato realizzato tra il 1933 e il 1934, mentre le due ali dell&#8217;edificio sono state interamente restaurate fra il 1995 e il 1999.<br \/>\nCirca 15 mila metri quadri della struttura sono dedicati agli spazi espositivi e ai servizi al pubblico. La sede ospita anche gli uffici dei servizi del museo, la biblioteca e gli archivi. Tutti gli spazi sono climatizzati e dotati di dispositivi di sicurezza nel rispetto degli standard nazionali e internazionali.<br \/>\nUn secondo ampliamento, progettato dall&#8217;ingegner Luigi Cosenza, \u00e8 stato parzialmente completato e aperto al pubblico dal 1989 al 1998.<\/p>\n<h4><strong>Storia e missione<\/strong><\/h4>\n<p>La Galleria fu istituita con Regio decreto nel 1883 con la missione di raccogliere le opere d&#8217;arte del nuovo Stato unitario. Aperta al pubblico nel 1885, fu ospitata nel Palazzo delle Esposizioni di Roma fino al 1915, anno in cui venne trasferita nella sede attuale. Con la riforma dello statuto del 1912, il museo ha cominciato ad acquisire anche opere della prima met\u00e0 dell&#8217;Ottocento. A oggi la Galleria Nazionale possiede la collezione pi\u00f9 ampia sul territorio nazionale di arte italiana e internazionale del XIX e XX secolo.<\/p>\n<p>Gli obiettivi principali sono:<\/p>\n<ul>\n<li>conservare, documentare, studiare e incrementare, a beneficio del pubblico, il proprio patrimonio artistico, con gli indispensabili complementi dei fondi documentari storici e bio-iconografici e della biblioteca;<\/li>\n<li>cooperare con altri musei e istituzioni nazionali e internazionali;<\/li>\n<li>organizzare esposizioni temporanee per valorizzare le proprie collezioni in rapporto alla realt\u00e0 artistica internazionale moderna e contemporanea.<\/li>\n<\/ul>\n<h4><strong>I compiti e i servizi<\/strong><\/h4>\n<p>La Galleria Nazionale d&#8217;arte Moderna e Contemporanea conserva oltre 20.000 opere tra dipinti, sculture, stampe e disegni che vanno dal XIX secolo ai primi del XXI secolo. Gran parte della collezione \u00e8 costituita dalle opere di grafica che, per motivi conservativi, vengono esposte in occasione di mostre temporanee.<br \/>\nSul sito internet del museo e presso la postazione di accoglienza sono regolarmente segnalate le opere che in quel momento non sono esposte, perch\u00e9 in prestito per mostre oppure in restauro. In tali casi, vengono rese visibili al pubblico opere altrimenti conservate dei depositi, in modo da garantire la rotazione della collezione esposta.<br \/>\nL&#8217;esposizione occupa circa 10.000 mq. \u00c8 presente una sala didattica polifunzionale. All&#8217;esterno dell&#8217;ala est del museo \u00e8 ubicato un giardino che contiene alcune opere appositamente progettate dagli artisti.<\/p>\n<p><strong>La Galleria offre:<\/strong><\/p>\n<ul>\n<li>servizi connessi alla tutela del patrimonio: laboratorio di restauro;<\/li>\n<li>servizi connessi alla conservazione e alla fruizione delle opere esposte: biglietteria, accoglienza e informazioni, guardaroba, ristorazione, bookshop, cataloghi a stampa, servizi educativi, sito web, social network;<\/li>\n<li>servizi di conoscenza e miglioramento del servizio: osservatorio dei visitatori;<\/li>\n<li>servizi di studio e ricerca: biblioteca, archivi, depositi e gabinetto di grafica.<\/li>\n<\/ul>\n<h3><strong>Accesso<\/strong><\/h3>\n<p>Orario di apertura: ore 8.30-19.30;<br \/>\nOrario di biglietteria 8.30-18.45;<br \/>\nChiusura settimanale: luned\u00ec;<br \/>\nChiusure annuali: 1 gennaio, 1 maggio, 25 dicembre<\/p>\n<p>Si comunica che quest&#8217;Istituto si impegna per offrire al pubblico un orario di visita quanto pi\u00f9 esteso possibile, nel rispetto dei criteri per l&#8217;apertura al pubblico, la vigilanza e la sicurezza dei Musei e dei Luoghi della Cultura statali previsti dal D.M. del\u00a0 30 giugno 2016, in attesa che vengano espletate le previste procedure concorsuali finalizzate al superamento delle attuali carenze organiche e al conseguente incremento del personale in servizio.<\/p>\n<h4><strong>Accoglienza &#8211; Biglietteria<\/strong><\/h4>\n<p>La biglietteria \u00e8 situata nell&#8217;atrio del museo (tel. +39 06.32298221). I servizi di biglietteria sono affidati in concessione. \u00c8 stabile la convenzione con la Roma Pass, la card turistico &#8211; culturale di Roma. In occasione di mostre si promuovono forme di biglietto integrato. La biglietteria \u00e8 dotata di Pos per il pagamento tramite carte di credito e bancomat.<br \/>\nDi fronte alla biglietteria \u00e8 ubicata una postazione dedicata all&#8217;accoglienza dove \u00e8 possibile acquisire informazioni sul museo e le collezioni in italiano e in inglese.<\/p>\n<h4><strong>Acquisto e prenotazione del biglietto<\/strong><\/h4>\n<p>Il biglietto pu\u00f2 essere acquistato in loco, presso la biglietteria, nel giorno stesso della visita al museo oppure acquistato e prenotato online sul sito www.ticketone.it. La prenotazione non \u00e8 obbligatoria.<br \/>\nPer i gruppi e le scolaresche \u00e8 attivo un servizio di prenotazione obbligatoria via mail (<a href=\"mailto:prenotazionegruppi.gnam@gmail.com\">prenotazionegruppi.gnam@gmail.com<\/a>) al fine di evitare sovrapposizioni e sovraffollamento.<br \/>\nIn caso di eventi che prevedono afflussi eccezionali di pubblico l&#8217;accesso viene contingentato con avviso all&#8217;entrata e sul sito internet.<\/p>\n<h4><strong>Informazione e orientamento<\/strong><\/h4>\n<p>Le informazioni sono disponibili:<\/p>\n<ul>\n<li>presso la postazione di accoglienza di fronte alla biglietteria nell&#8217;atrio del museo dove vengono distribuiti gratuitamente i d\u00e9pliant con la mappa e le principali informazioni sul museo e le mostre.<\/li>\n<li>al telefono, rivolgendosi al centralino (+39 06 322 981) oppure alla biglietteria (+39 06 322 98 221)<\/li>\n<li>on line sul sito in italiano e in inglese.<\/li>\n<\/ul>\n<h4><strong>Addetti ai servizi e personale di sala<\/strong><\/h4>\n<p>Il personale addetto ai servizi di biglietteria, vendita, accoglienza e vigilanza, nonch\u00e9 alle pulizie e alle manutenzioni degli impianti, \u00e8 munito di cartellino identificativo.<\/p>\n<h4><strong>Accesso facilitato per persone con disabilit\u00e0<\/strong><\/h4>\n<p>L&#8217;accessibilit\u00e0 al Museo per persone con disabilit\u00e0 \u00e8 pari al 100%, con l&#8217;ausilio di ascensori e pedane elevatrici; sono disponibili anche due carrozzine, di cui una per l&#8217;uso in autonomia. Sono presenti i servizi igienici per persone con disabilit\u00e0.<\/p>\n<h4><strong>Fruizione<\/strong><\/h4>\n<p>Le sale espositive sono tutte aperte al pubblico, compresi gli spazi di accoglienza. Eventuali chiusure momentanee di sale sono comunicate in biglietteria e sul sito del Museo. La pulizia delle sale avviene quotidianamente.<br \/>\nNel Museo \u00e8 presente una sala didattica polifunzionale utilizzata per laboratori e seminari.<br \/>\nDurante il percorso di visita \u00e8 possibile accedere a un&#8217;area di sosta, attrezzata con distributori di bevande calde, fredde e snack e con servizi igienici, compresi quelli per i disabili e una zona con fasciatoio.<br \/>\nL&#8217;illuminazione predisposta \u00e8 studiata per evitare zone d&#8217;ombra, fenomeni di abbagliamento o sforzi eccessivi da parte del visitatore. Il monitoraggio di sale, ascensori, rampe di scale avviene sistematicamente.<\/p>\n<h4><strong>Efficacia della mediazione<\/strong><\/h4>\n<p>Le visite didattiche al museo e alle mostre temporanee sono offerte a pagamento e su prenotazione dalla societ\u00e0 concessionaria Coopculture e sono disponibili in lingua inglese, francese, tedesco e spagnolo.<br \/>\nI Servizi educativi della Galleria predispongono, durante l&#8217;anno e in occasione delle mostre temporanee e di eventi speciali, iniziative di mediazione didattica per differenti categorie di pubblico in lingua italiana, secondo un calendario pubblicato sul sito web del museo e comunicato tramite newsletter mensile e social network.<\/p>\n<h3>Servizi museali<\/h3>\n<h4><strong>Bookshop<\/strong><\/h4>\n<p>Il museo dispone di una libreria specializzata, con negozio di oggettistica, merchandising e una sezione dedicata all&#8217;infanzia. \u00c8 situata all&#8217;ingresso del museo.<\/p>\n<h4><strong>Caffetteria e ristorante<\/strong><\/h4>\n<p>Sono disponibili una caffetteria e un ristorante, raggiungibili dall&#8217;interno del museo o direttamente dall&#8217;esterno in via Gramsci 73. Il servizio, che dalla primavera all&#8217;autunno si svolge anche nella terrazza, \u00e8 garantito anche il luned\u00ec, giorno di chiusura del museo. \u00c8 presente anche un punto ristoro nell&#8217;atrio del museo.<\/p>\n<h4><strong>Guardaroba e deposito oggetti<\/strong><\/h4>\n<p>Il guardaroba \u00e8 self service e a uso gratuito. Il visitatore \u00e8 invitato a depositare gli oggetti ingombranti e che non possono essere introdotti nelle sale e a rispettare i divieti vigenti nel museo, come da avviso esposto all&#8217;ingresso.<\/p>\n<h3>Valorizzazione<\/h3>\n<h4><strong>Mostre<\/strong><\/h4>\n<p>Ogni anno vengono organizzate mostre inerenti artisti e temi dell&#8217;arte dal XIX secolo alla contemporaneit\u00e0.<\/p>\n<h4><strong>Eventi<\/strong><\/h4>\n<p>I temi trattati nella programmazione di eventi afferiscono a diversi campi disciplinari, tra gli altri: storia dell&#8217;arte e architettura del XIX e XX secolo, museologia, estetica, pedagogia del patrimonio, storia del collezionismo.<\/p>\n<h4><strong>Pubblicazioni<\/strong><\/h4>\n<p>Oltre il 90% delle mostre temporanee \u00e8 accompagnato da un catalogo scientifico. Sono periodicamente pubblicati volumi inerenti il museo e le collezioni<br \/>\nDiffusione delle attivit\u00e0\/iniziative<br \/>\nPer la comunicazione e diffusione delle iniziative sono utilizzati differenti canali di comunicazione:<\/p>\n<ul>\n<li>affissioni in occasione di mostre temporanee;<\/li>\n<li>on line sul sito del museo;<\/li>\n<li>social network;<\/li>\n<li>newsletter mensile.<\/li>\n<\/ul>\n<p><strong>Gestione di risorse aggiuntive &#8211; Affitto degli spazi<\/strong><\/p>\n<p>Sono consentite forme di utilizzo degli spazi del Museo al di fuori dell&#8217;orario di apertura nei seguenti casi:<\/p>\n<ul>\n<li>visite speciali\/convegni\/eventi;<\/li>\n<li>riprese cinematografiche\/televisive.<\/li>\n<\/ul>\n<p>Qualunque richiesta di utilizzo deve essere vagliata e approvata dal Direttore. Modalit\u00e0, costi e condizioni per l&#8217;utilizzo degli spazi sono indicati nella scheda tecnica disponibile presso l&#8217;Ufficio Eventi (tel. +39 06.32298346 &#8211; 322).<\/p>\n<h4><strong>Educazione e didattica<\/strong><\/h4>\n<p>Sono proposte attivit\u00e0 diversificate rivolte a differenti categorie di pubblico. La societ\u00e0 concessionaria offre:<\/p>\n<ul>\n<li>visite guidate per il pubblico adulto;<\/li>\n<li>visite guidate e laboratori per le scuole;<\/li>\n<li>campi estivi per i bambini dai 7 agli 11 anni.<\/li>\n<\/ul>\n<p>Per informazioni e prenotazioni: Gebart S.p.A\u00a0&#8211; tel. +39 06.32810968<\/p>\n<p><strong>I Servizi Educativi della Galleria offrono:<\/strong><\/p>\n<ul>\n<li>cicli di visite guidate e\/o altre attivit\u00e0 di mediazione (cicli di brevi conferenze, incontri con artisti) per il pubblico adulto;<\/li>\n<li>visite guidate ai depositi su prenotazione;<\/li>\n<li>attivit\u00e0 per le famiglie in occasione di mostre temporanee;<\/li>\n<li>cicli di visite guidate per i pazienti malati di Alzheimer e i loro caregiver (progetto &#8220;La memoria del bello&#8221;);<\/li>\n<li>cicli di visite guidate per pazienti psichiatrici (progetto &#8220;Museal-mente&#8221;);<\/li>\n<li>cicli di visite guidate tattili per non vedenti, in collaborazione con l&#8217;associazione Museum;<\/li>\n<li>progetti educativi in convenzione con le scuole secondo l&#8217;Accordo &#8211; quadro fra il Ministero dei Beni e delle Attivit\u00e0 Culturali e del Turismo e il Ministero per la Pubblica istruzione e in accordo con la normativa relativa all&#8217;alternanza scuola &#8211; lavoro;<\/li>\n<li>progetti con le Universit\u00e0.<\/li>\n<\/ul>\n<p>Per ricevere informazioni sui progetti educativi e sulle attivit\u00e0 didattiche \u00e8 possibile contattare il numero di telefono +39 06.32298219 durante l&#8217;orario di apertura degli uffici (luned\u00ec &#8211; venerd\u00ec 9.30-16.00) oppure scrivere all&#8217;indirizzo mail\u00a0<a href=\"mailto:gan-amc.didattica@beniculturali.it\">gan-amc.didattica@beniculturali.it<\/a><\/p>\n<p>La documentazione relativa alla didattica \u00e8 disponibile sul sito web della Galleria; il materiale pu\u00f2 essere consultato anche presso la Biblioteca del Museo, da luned\u00ec a venerd\u00ec, dalle ore 9.00 alle ore 13.45 su prenotazione. Il calendario e l&#8217;eventuale modalit\u00e0 di prenotazioni delle attivit\u00e0 promosse dai Servizi Educativi sono comunicate sulla home page nel sito web della Galleria, tramite newsletter mensile e social network.<\/p>\n<h3>Documentazione sui beni conservati<\/h3>\n<p>La documentazione sui beni conservati presso la Galleria Nazionale \u00e8 disponibile presso i servizi del museo autonomo con gli orari e le modalit\u00e0 indicati nella tabella sottostante:<\/p>\n<ul>\n<li>schede di catalogo<\/li>\n<\/ul>\n<h4><strong>Ufficio catalogo<\/strong><\/h4>\n<p>Archivio cartaceo e data-base digitale<br \/>\nConsultabile dal luned\u00ec al venerd\u00ec dalle 9.30 alle 13.30 su motivata richiesta e per appuntamento.<br \/>\ntel. +39 06.32298301<\/p>\n<ul>\n<li>schede di restauro<\/li>\n<\/ul>\n<h4><strong>Laboratorio di restauro<\/strong><\/h4>\n<p>Documentazione sui restauri effettuati o diretti<br \/>\nConsultabile dal luned\u00ec al venerd\u00ec dalle 9.30 alle 13.30 su motivata richiesta e per appuntamento.<br \/>\ntel. +39 06.32298411<\/p>\n<p>Referente: Luciana Tozzi<\/p>\n<ol>\n<li>schede di movimentazione<\/li>\n<\/ol>\n<h4><strong>Ufficio registrazioni<\/strong><\/h4>\n<p>Dati sull&#8217;acquisizione e la movimentazione delle opere d&#8217;arte<br \/>\nConsultabile dal luned\u00ec al venerd\u00ec dalle 9.30 alle 13.30 su motivata richiesta e per appuntamento.<br \/>\ntel. 06.32298304<\/p>\n<p>Referente: Stefano Marson<\/p>\n<ul>\n<li>fotografie<\/li>\n<\/ul>\n<h4><strong>Archivio fotografico<\/strong><\/h4>\n<p>Servizio al pubblico e autorizzazione alla riproduzione delle fotografie di opere conservate nel museo.<br \/>\nL&#8217;Archivio fotografico \u00e8 oggetto di un lavoro di digitalizzazione e riordinamento per cui \u00e8 attualmente disponibile al pubblico circa il 50% delle riproduzioni del patrimonio del museo.<br \/>\nI moduli per l&#8217;acquisto e l&#8217;autorizzazione alla pubblicazione delle fotografie possono essere scaricati e inviati via mail o via tel. +39 06.32298309<\/p>\n<p>Referente: Paolo Di Marzio<\/p>\n<ul>\n<li>pubblicazioni a stampa<\/li>\n<\/ul>\n<p>Biblioteca specializzata nell&#8217;arte del XIX e XX secolo<br \/>\n(60.000 volumi, circa 1500 periodici tra correnti e cessati e una preziosa collezione, composta da circa 40.000 pezzi tra miscellanee e opuscoli).<br \/>\nLe acquisizioni dal 1999 in poi sono reperibili on-line nel catalogo collettivo SBN.<br \/>\nConsultabile dal luned\u00ec al venerd\u00ec dalle 9.00 alle 13.45, su prenotazione, da effettuarsi telefonicamente (tel. +39 06.32298246) o tramite email; chiusa nel mese di agosto e durante le festivit\u00e0 natalizie.<\/p>\n<ul>\n<li>archivio bio-iconografico<\/li>\n<\/ul>\n<p>Ritagli stampa, documentazione e fotografie sugli artisti e sulle mostre; aperto a studenti, specializzandi, studiosi e ricercatori.<br \/>\nConsultabile dal luned\u00ec al venerd\u00ec dalle 9.30 alle 13.30 su motivata richiesta e per appuntamento telefonico (tel. +39 06.32298243); chiuso nel mese di agosto e durante le festivit\u00e0 natalizie.<\/p>\n<ul>\n<li>fondi storici<\/li>\n<\/ul>\n<h4><strong>Archivi di studiosi e artisti<\/strong><\/h4>\n<p>Consultabili dal luned\u00ec al venerd\u00ec dalle 9.30 alle 13.30 su preventiva richiesta inoltrata al Direttore alla Galleria nazionale d&#8217;arte moderna, viale delle Belle Arti 131, 00197 Roma\u00a0e successivo relativo appuntamento. Chiuso nel mese di agosto e durante le festivit\u00e0 natalizie.<br \/>\nMaggiori informazioni sulla consistenza, la riproducibilit\u00e0 e i regolamenti degli archivi e della biblioteca sono reperibili anche on line sul sito web e presso i relativi uffici.<br \/>\ntel. +39 06.32298243<\/p>\n<h3>Rapporto con gli stakeholder<\/h3>\n<p>La Galleria pone in essere accordi con musei e istituzioni culturali italiane e straniere per la realizzazione di mostre e altre iniziative (eventi\/convegni\/giornate di studi). La Galleria sigla accordi con diverse associazioni finalizzate alla realizzazione di specifici progetti realizzati in partenariato.<br \/>\nIn particolare, collabora con l&#8217;Associazione A3m (Associazione Amici dell&#8217;Arte Moderna a Valle Giulia), aderente alla Federazione Italiana degli Amici dei Musei, al fine di valorizzare le collezioni e le attivit\u00e0 del museo. La Galleria \u00e8 inoltre fra i fondatori di AMACI, Associazione musei d&#8217;arte contemporanea italiana.<\/p>\n<h3>Obiettivi di miglioramento<\/h3>\n<h4><strong>Strutture<\/strong><\/h4>\n<p>Si sono da poco conclusi i lavori di riorganizzazione dell&#8217;area accoglienza, che attualmnte ospita biglietteria, desk informazioni, bookshop e punto ristoro nella hall del museo.<\/p>\n<h4><strong>Collezioni<\/strong><\/h4>\n<p>Sono in corso le attivit\u00e0 di riordino e riallestimento delle collezioni del museo.<br \/>\nSul Piano dell&#8217;arte contemporanea del MiBACT sono state avanzate diverse proposte di acquisto e altre riguardano gli acquisti di tipo coattivo all&#8217;esportazione.<\/p>\n<h4><strong>Servizi<\/strong><\/h4>\n<p>La Galleria \u00e8 dotata di un impianto WI-FI che copre l&#8217;intera aerea espositiva.<br \/>\nLa biglietteria \u00e8 dotata di POS per pagamenti con bancomat e carte di credito.<\/p>\n<h4><strong>Attivit\u00e0 di valorizzazione<\/strong><\/h4>\n<p>Continua l&#8217;organizzazione di mostre di opere conservate nei depositi al fine di rendere fruibile l&#8217;intero patrimonio.<\/p>\n<h3><strong>Reclami, proposte, suggerimenti<\/strong><\/h3>\n<p>Se gli utenti riscontrano il mancato rispetto degli impegni contenuti nella Carta dei Servizi, possono presentare reclami, inviare suggerimenti e chiedere ulteriori informazioni con una delle seguenti modalit\u00e0:<\/p>\n<ul>\n<li>Utilizzare le schede dei commenti disponibili su richiesta;<\/li>\n<li>Inviare una e-mail all&#8217;indirizzo\u00a0<a href=\"mailto:gan-amc.infopubblico@beniculturali.it\">gan-amc.infopubblico@beniculturali.it<\/a>.<\/li>\n<\/ul>\n<p>La Galleria effettua un monitoraggio periodico dei reclami; si impegna a rispondere entro 30 giorni.Gli utenti possono, inoltre, formulare proposte e suggerimenti volti al miglioramento dell&#8217;organizzazione e dell&#8217;erogazione dei servizi che saranno oggetto di attenta analisi.<\/p>\n<h3><strong>Comunicazione<\/strong><\/h3>\n<p>La Carta della qualit\u00e0 dei servizi \u00e8 consultabile sul sito web della Galleria.<\/p>\n<h4><strong>Revisione e aggiornamento<\/strong><\/h4>\n<p>La Carta \u00e8 sottoposta ad aggiornamento periodico ogni 2 anni.<\/p>\n","protected":false},"excerpt":{"rendered":"<p>Che cos&#8217;\u00e8 la carta dei servizi La Carta dei servizi risponde all&#8217;esigenza di fissare principi&#8230;<\/p>\n","protected":false},"author":1,"featured_media":0,"parent":0,"menu_order":0,"comment_status":"closed","ping_status":"closed","template":"","meta":{"_acf_changed":false,"footnotes":""},"class_list":["post-2769","page","type-page","status-publish","hentry"],"acf":[],"_links":{"self":[{"href":"https:\/\/gnamc.cultura.gov.it\/en\/wp-json\/wp\/v2\/pages\/2769","targetHints":{"allow":["GET"]}}],"collection":[{"href":"https:\/\/gnamc.cultura.gov.it\/en\/wp-json\/wp\/v2\/pages"}],"about":[{"href":"https:\/\/gnamc.cultura.gov.it\/en\/wp-json\/wp\/v2\/types\/page"}],"author":[{"embeddable":true,"href":"https:\/\/gnamc.cultura.gov.it\/en\/wp-json\/wp\/v2\/users\/1"}],"replies":[{"embeddable":true,"href":"https:\/\/gnamc.cultura.gov.it\/en\/wp-json\/wp\/v2\/comments?post=2769"}],"version-history":[{"count":1,"href":"https:\/\/gnamc.cultura.gov.it\/en\/wp-json\/wp\/v2\/pages\/2769\/revisions"}],"predecessor-version":[{"id":2788,"href":"https:\/\/gnamc.cultura.gov.it\/en\/wp-json\/wp\/v2\/pages\/2769\/revisions\/2788"}],"wp:attachment":[{"href":"https:\/\/gnamc.cultura.gov.it\/en\/wp-json\/wp\/v2\/media?parent=2769"}],"curies":[{"name":"wp","href":"https:\/\/api.w.org\/{rel}","templated":true}]}}