{"id":2786,"date":"2025-06-20T17:06:27","date_gmt":"2025-06-20T15:06:27","guid":{"rendered":"http:\/\/gnamc.cultura.gov.it\/note-legali\/"},"modified":"2025-06-20T18:23:07","modified_gmt":"2025-06-20T16:23:07","slug":"legal-notices","status":"publish","type":"page","link":"https:\/\/gnamc.cultura.gov.it\/en\/legal-notices\/","title":{"rendered":"Legal notices"},"content":{"rendered":"<p class=\"lead\"><strong>Copyright<\/strong><\/p>\n<p>Le indicazioni di copyright sono indicate al pi\u00e8 di pagina.<br \/>\nI contenuti del sito \u2013 codice di script, grafica, testi, tabelle, immagini, suoni, e ogni altra informazione disponibile in qualunque forma \u2013 sono protetti ai sensi della normativa in tema di opere dell\u2019ingegno. I prodotti software e i contenuti informativi, salvo diverse specifiche indicazioni, possono essere scaricati o utilizzati solo per uso personale, o comunque non commerciale citando la fonte. Per fini di lucro \u00e8 consentito utilizzare, copiare e distribuire i documenti e le relative immagini disponibili su questo sito solo dietro permesso scritto (o egualmente valido a fini legali). Le note di copyright, gli autori ove indicati o la fonte stessa devono in tutti i casi essere citati nelle pubblicazioni in qualunque forma realizzate e diffuse.<\/p>\n<p>&nbsp;<\/p>\n<p class=\"lead\"><strong>Responsabilit\u00e0 \u2013 Disclaimer<\/strong><\/p>\n<p>La Galleria Nazionale d\u2019Arte Moderna e Contemporanea, salvo diverse indicazioni di legge, non potr\u00e0 essere ritenuta in alcun modo responsabile dei danni di qualsiasi natura causati direttamente o indirettamente dall\u2019accesso al sito, dall\u2019incapacit\u00e0 o impossibilit\u00e0 di accedervi, dall\u2019affidamento alle notizie in esso contenute o dal loro impiego.<\/p>\n<p>La Galleria Nazionale d\u2019Arte Moderna e Contemporanea provvede a inserire nel sito informazioni per quanto possibile aggiornate, ma non garantisce circa la loro completezza o accuratezza. In particolare \u2013 per quanto riguarda i testi della normativa \u2013 fornisce a solo scopo divulgativo tali informazioni, che non costituiscono perci\u00f2 fonte di diritto. Si raccomanda quindi, laddove appropriato, di consultare le fonti ufficiali.<\/p>\n<p>La Galleria Nazionale d\u2019Arte Moderna e Contemporanea si riserva il diritto di modificare i contenuti di questa pagina in qualsiasi momento e senza alcun preavviso.<\/p>\n<p>I collegamenti a siti esterni sono forniti come semplice servizio agli utenti, con esclusione di ogni responsabilit\u00e0 sulla correttezza e sulla completezza dell\u2019insieme dei collegamenti indicati. L\u2019indicazione dei collegamenti non implica da parte da parte della Galleria Nazionale d\u2019Arte Moderna e Contemporanea alcun tipo di approvazione o condivisione di responsabilit\u00e0 in relazione alla completezza e alla correttezza delle informazioni contenute nei siti indicati.<\/p>\n<p>&nbsp;<\/p>\n<p class=\"lead\"><strong>Wi-Fi pubblico termini e condizioni<\/strong><\/p>\n<p>Questo accordo stabilisce i termini e le condizioni con cui la connessione internet wireless (\u201cil Servizio\u201d) \u00e8 fornito gratuitamente agli Utenti o Dipendenti della Galleria Nazionale d\u2019Arte Moderna e Contemporanea (\u201cGalleria\u201d). L\u2019accesso al Servizio \u00e8 completamente a discrezione della Galleria. L\u2019accesso al servizio pu\u00f2 essere bloccato, sospeso o interrotto in qualsiasi momento e per qualsiasi motivo, incluse, ma non limitato alla violazione del presente accordo, le azioni che possono portare a responsabilit\u00e0 della Galleria, interruzione di accesso ad altri utenti o reti e la violazione di leggi o regolamenti applicabili.<\/p>\n<p>La Galleria si riserva il diritto di monitorare e raccogliere informazioni mentre si \u00e8 connessi al servizio e che le informazioni raccolte possono essere utilizzati a discrezione della Galleria, compresa la condivisione delle informazioni con tutte le forze dell\u2019ordine e i partner della Galleria. La Galleria pu\u00f2 rivedere il presente accordo in qualsiasi momento. \u00c8 necessario accettare questo accordo ogni volta che si utilizza il servizio ed \u00e8 responsabilit\u00e0 dell\u2019Utente controllare se ci sono eventuali modifiche di volta in volta. La Galleria si riserva il diritto in ogni momento di terminare il servizio, modificare le specifiche o le modalit\u00e0 di utilizzo, impostare codici di accesso, username, password o altre informazioni di sicurezza necessarie per accedere al servizio.<\/p>\n<p>Se non siete d\u2019accordo con questi termini, comprese le eventuali modifiche, siete pregati di non accedere o utilizzare il servizio.<\/p>\n","protected":false},"excerpt":{"rendered":"<p>Copyright Le indicazioni di copyright sono indicate al pi\u00e8 di pagina. I contenuti del sito&#8230;<\/p>\n","protected":false},"author":1,"featured_media":0,"parent":0,"menu_order":0,"comment_status":"closed","ping_status":"closed","template":"","meta":{"_acf_changed":false,"footnotes":""},"class_list":["post-2786","page","type-page","status-publish","hentry"],"acf":[],"_links":{"self":[{"href":"https:\/\/gnamc.cultura.gov.it\/en\/wp-json\/wp\/v2\/pages\/2786","targetHints":{"allow":["GET"]}}],"collection":[{"href":"https:\/\/gnamc.cultura.gov.it\/en\/wp-json\/wp\/v2\/pages"}],"about":[{"href":"https:\/\/gnamc.cultura.gov.it\/en\/wp-json\/wp\/v2\/types\/page"}],"author":[{"embeddable":true,"href":"https:\/\/gnamc.cultura.gov.it\/en\/wp-json\/wp\/v2\/users\/1"}],"replies":[{"embeddable":true,"href":"https:\/\/gnamc.cultura.gov.it\/en\/wp-json\/wp\/v2\/comments?post=2786"}],"version-history":[{"count":1,"href":"https:\/\/gnamc.cultura.gov.it\/en\/wp-json\/wp\/v2\/pages\/2786\/revisions"}],"predecessor-version":[{"id":2787,"href":"https:\/\/gnamc.cultura.gov.it\/en\/wp-json\/wp\/v2\/pages\/2786\/revisions\/2787"}],"wp:attachment":[{"href":"https:\/\/gnamc.cultura.gov.it\/en\/wp-json\/wp\/v2\/media?parent=2786"}],"curies":[{"name":"wp","href":"https:\/\/api.w.org\/{rel}","templated":true}]}}